{"id":81,"date":"2025-05-05T12:02:19","date_gmt":"2025-05-05T12:02:19","guid":{"rendered":"https:\/\/sportowaakademia.pl\/?page_id=81"},"modified":"2026-01-09T09:46:10","modified_gmt":"2026-01-09T09:46:10","slug":"o-nas","status":"publish","type":"page","link":"https:\/\/sportowaakademia.pl\/index.php\/o-nas\/","title":{"rendered":"O NAS"},"content":{"rendered":"\t\t<div data-elementor-type=\"wp-page\" data-elementor-id=\"81\" class=\"elementor elementor-81\">\n\t\t\t\t<div class=\"elementor-element elementor-element-309989e e-flex e-con-boxed e-con e-parent\" data-id=\"309989e\" data-element_type=\"container\">\n\t\t\t\t\t<div class=\"e-con-inner\">\n\t\t\t\t<div class=\"elementor-element elementor-element-335e8f7 elementor-widget__width-initial elementor-widget elementor-widget-text-editor\" data-id=\"335e8f7\" data-element_type=\"widget\" data-widget_type=\"text-editor.default\">\n\t\t\t\t<div class=\"elementor-widget-container\">\n\t\t\t\t\t\t\t\t\t<p>Fundacja Akademia Sportowy Wa\u0142brzych powsta\u0142a z pasji do sportu. Pasji, kt\u00f3rej celem jest rozw\u00f3j w sporcie i dzia\u0142alno\u015b\u0107 na rzecz sportowc\u00f3w. Rozw\u00f3j rozumiany przez edukacj\u0119, wsp\u00f3\u0142prac\u0119 z klubami, organizacjami sportowymi, samorz\u0105dami i innymi podmiotami. Celem fundacji jest r\u00f3wnie\u017c propagowanie sportu w mediach, w tym prowadzenie transmisji na \u017cywo z wydarze\u0144 sportowych oraz ich organizowanie.<\/p>\t\t\t\t\t\t\t\t<\/div>\n\t\t\t\t<\/div>\n\t\t\t\t\t<\/div>\n\t\t\t\t<\/div>\n\t\t<div class=\"elementor-element elementor-element-f88fac4 e-flex e-con-boxed e-con e-parent\" data-id=\"f88fac4\" data-element_type=\"container\">\n\t\t\t\t\t<div class=\"e-con-inner\">\n\t\t\t\t<div class=\"elementor-element elementor-element-e0be8db elementor-widget__width-initial elementor-widget elementor-widget-text-editor\" data-id=\"e0be8db\" data-element_type=\"widget\" data-widget_type=\"text-editor.default\">\n\t\t\t\t<div class=\"elementor-widget-container\">\n\t\t\t\t\t\t\t\t\t<p>Fundacja dzia\u0142a zar\u00f3wno na rzecz sportowc\u00f3w zawodowych, jak i amator\u00f3w, niezale\u017cnie od uprawianej dyscypliny sportu, a tak\u017ce wieku. Nasz\u0105 filozofi\u0105 jest to, aby sport \u0142\u0105czy\u0142, wspiera\u0142 i rozwija\u0142 spo\u0142ecze\u0144stwo. Naszym has\u0142em jest: aktywnie, zdrowo, sportowo.<\/p>\t\t\t\t\t\t\t\t<\/div>\n\t\t\t\t<\/div>\n\t\t\t\t\t<\/div>\n\t\t\t\t<\/div>\n\t\t<div class=\"elementor-element elementor-element-ff17bcb e-flex e-con-boxed e-con e-parent\" data-id=\"ff17bcb\" data-element_type=\"container\">\n\t\t\t\t\t<div class=\"e-con-inner\">\n\t\t\t\t<div class=\"elementor-element elementor-element-a9c05f5 elementor-widget__width-initial elementor-widget elementor-widget-text-editor\" data-id=\"a9c05f5\" data-element_type=\"widget\" data-widget_type=\"text-editor.default\">\n\t\t\t\t<div class=\"elementor-widget-container\">\n\t\t\t\t\t\t\t\t\t<p>Za\u0142o\u017cycielami Fundacji Akademia Sportowy Wa\u0142brzych s\u0105:<\/p>\t\t\t\t\t\t\t\t<\/div>\n\t\t\t\t<\/div>\n\t\t\t\t\t<\/div>\n\t\t\t\t<\/div>\n\t\t<div class=\"elementor-element elementor-element-fb21c75 e-grid e-con-boxed e-con e-parent\" data-id=\"fb21c75\" data-element_type=\"container\">\n\t\t\t\t\t<div class=\"e-con-inner\">\n\t\t\t\t<div class=\"elementor-element elementor-element-0bb5baf elementor-widget elementor-widget-image\" data-id=\"0bb5baf\" data-element_type=\"widget\" data-widget_type=\"image.default\">\n\t\t\t\t<div class=\"elementor-widget-container\">\n\t\t\t\t\t\t\t\t\t\t\t\t\t\t\t<img fetchpriority=\"high\" decoding=\"async\" width=\"500\" height=\"500\" src=\"http:\/\/sportowaakademia.pl\/wp-content\/uploads\/2025\/06\/zdjecia-profilowe.png\" class=\"attachment-large size-large wp-image-1248\" alt=\"\" srcset=\"http:\/\/sportowaakademia.pl\/wp-content\/uploads\/2025\/06\/zdjecia-profilowe.png 500w, http:\/\/sportowaakademia.pl\/wp-content\/uploads\/2025\/06\/zdjecia-profilowe-300x300.png 300w, http:\/\/sportowaakademia.pl\/wp-content\/uploads\/2025\/06\/zdjecia-profilowe-150x150.png 150w, http:\/\/sportowaakademia.pl\/wp-content\/uploads\/2025\/06\/zdjecia-profilowe-100x100.png 100w\" sizes=\"(max-width: 500px) 100vw, 500px\" \/>\t\t\t\t\t\t\t\t\t\t\t\t\t\t\t<\/div>\n\t\t\t\t<\/div>\n\t\t\t\t<div class=\"elementor-element elementor-element-069f623 elementor-widget elementor-widget-image\" data-id=\"069f623\" data-element_type=\"widget\" data-widget_type=\"image.default\">\n\t\t\t\t<div class=\"elementor-widget-container\">\n\t\t\t\t\t\t\t\t\t\t\t\t\t\t\t<img decoding=\"async\" width=\"500\" height=\"500\" src=\"http:\/\/sportowaakademia.pl\/wp-content\/uploads\/2025\/06\/zdjecia-profilowe-2.png\" class=\"attachment-large size-large wp-image-1247\" alt=\"\" srcset=\"http:\/\/sportowaakademia.pl\/wp-content\/uploads\/2025\/06\/zdjecia-profilowe-2.png 500w, http:\/\/sportowaakademia.pl\/wp-content\/uploads\/2025\/06\/zdjecia-profilowe-2-300x300.png 300w, http:\/\/sportowaakademia.pl\/wp-content\/uploads\/2025\/06\/zdjecia-profilowe-2-150x150.png 150w, http:\/\/sportowaakademia.pl\/wp-content\/uploads\/2025\/06\/zdjecia-profilowe-2-100x100.png 100w\" sizes=\"(max-width: 500px) 100vw, 500px\" \/>\t\t\t\t\t\t\t\t\t\t\t\t\t\t\t<\/div>\n\t\t\t\t<\/div>\n\t\t\t\t<div class=\"elementor-element elementor-element-9b7d192 elementor-widget elementor-widget-image\" data-id=\"9b7d192\" data-element_type=\"widget\" data-widget_type=\"image.default\">\n\t\t\t\t<div class=\"elementor-widget-container\">\n\t\t\t\t\t\t\t\t\t\t\t\t\t\t\t<img decoding=\"async\" width=\"500\" height=\"500\" src=\"http:\/\/sportowaakademia.pl\/wp-content\/uploads\/2025\/06\/zdjecia-profilowe-1.png\" class=\"attachment-large size-large wp-image-1249\" alt=\"\" srcset=\"http:\/\/sportowaakademia.pl\/wp-content\/uploads\/2025\/06\/zdjecia-profilowe-1.png 500w, http:\/\/sportowaakademia.pl\/wp-content\/uploads\/2025\/06\/zdjecia-profilowe-1-300x300.png 300w, http:\/\/sportowaakademia.pl\/wp-content\/uploads\/2025\/06\/zdjecia-profilowe-1-150x150.png 150w, http:\/\/sportowaakademia.pl\/wp-content\/uploads\/2025\/06\/zdjecia-profilowe-1-100x100.png 100w\" sizes=\"(max-width: 500px) 100vw, 500px\" \/>\t\t\t\t\t\t\t\t\t\t\t\t\t\t\t<\/div>\n\t\t\t\t<\/div>\n\t\t\t\t\t<\/div>\n\t\t\t\t<\/div>\n\t\t<div class=\"elementor-element elementor-element-d029396 e-grid e-con-boxed e-con e-parent\" data-id=\"d029396\" data-element_type=\"container\">\n\t\t\t\t\t<div class=\"e-con-inner\">\n\t\t\t\t<div class=\"elementor-element elementor-element-01334ab elementor-widget elementor-widget-text-editor\" data-id=\"01334ab\" data-element_type=\"widget\" data-widget_type=\"text-editor.default\">\n\t\t\t\t<div class=\"elementor-widget-container\">\n\t\t\t\t\t\t\t\t\t<p><strong>Jakub Zima <\/strong><\/p><p>Dziennikarz sportowy z wieloletnim sta\u017cem, autor, publicysta.<\/p><p>tel: +48 729 650 659<br \/>e: jakub.zima@sportowy-walbrzych.com.pl<\/p>\t\t\t\t\t\t\t\t<\/div>\n\t\t\t\t<\/div>\n\t\t\t\t<div class=\"elementor-element elementor-element-2aa01a6 elementor-widget elementor-widget-text-editor\" data-id=\"2aa01a6\" data-element_type=\"widget\" data-widget_type=\"text-editor.default\">\n\t\t\t\t<div class=\"elementor-widget-container\">\n\t\t\t\t\t\t\t\t\t<p><strong>Pawe\u0142 Szpur<\/strong><\/p><p>Dziennikarz, przedsi\u0119biorca i by\u0142y<br \/><span style=\"font-size: 16px; letter-spacing: 0px;\">samorz\u0105dowiec.<\/span><\/p><p>tel: +48\u00a0<span class=\"OYPEnA font-feature-liga-off font-feature-clig-off font-feature-calt-off text-decoration-none text-strikethrough-none\">509 762 922<br \/>e: pawelszpur@gmail.com<\/span><\/p>\t\t\t\t\t\t\t\t<\/div>\n\t\t\t\t<\/div>\n\t\t\t\t<div class=\"elementor-element elementor-element-e23583a elementor-widget elementor-widget-text-editor\" data-id=\"e23583a\" data-element_type=\"widget\" data-widget_type=\"text-editor.default\">\n\t\t\t\t<div class=\"elementor-widget-container\">\n\t\t\t\t\t\t\t\t\t<p><strong>Dobros\u0142aw Kowalski<\/strong><\/p><p>Radca prawny, rekordzista Guinnessa w \u017conglowaniu r\u00f3\u017cnymi przedmiotami.<\/p><p>tel: +48 <span class=\"OYPEnA font-feature-liga-off font-feature-clig-off font-feature-calt-off text-decoration-none text-strikethrough-none\">698 966 444<br \/>e: kowalski.promo@gmail.com<\/span><\/p>\t\t\t\t\t\t\t\t<\/div>\n\t\t\t\t<\/div>\n\t\t\t\t\t<\/div>\n\t\t\t\t<\/div>\n\t\t<div class=\"elementor-element elementor-element-d78ca12 e-flex e-con-boxed e-con e-parent\" data-id=\"d78ca12\" data-element_type=\"container\">\n\t\t\t\t\t<div class=\"e-con-inner\">\n\t\t\t\t<div class=\"elementor-element elementor-element-ac44889 elementor-widget-divider--view-line elementor-widget elementor-widget-divider\" data-id=\"ac44889\" data-element_type=\"widget\" data-widget_type=\"divider.default\">\n\t\t\t\t<div class=\"elementor-widget-container\">\n\t\t\t\t\t\t\t<div class=\"elementor-divider\">\n\t\t\t<span class=\"elementor-divider-separator\">\n\t\t\t\t\t\t<\/span>\n\t\t<\/div>\n\t\t\t\t\t\t<\/div>\n\t\t\t\t<\/div>\n\t\t\t\t\t<\/div>\n\t\t\t\t<\/div>\n\t\t<div class=\"elementor-element elementor-element-7bb4339 e-flex e-con-boxed e-con e-parent\" data-id=\"7bb4339\" data-element_type=\"container\">\n\t\t\t\t\t<div class=\"e-con-inner\">\n\t\t\t\t<div class=\"elementor-element elementor-element-a595f9c elementor-widget__width-initial elementor-widget elementor-widget-text-editor\" data-id=\"a595f9c\" data-element_type=\"widget\" data-widget_type=\"text-editor.default\">\n\t\t\t\t<div class=\"elementor-widget-container\">\n\t\t\t\t\t\t\t\t\t<p><span style=\"color: #003366;\"><strong>Jeste\u015bmy PRZEDSI\u0118BIORSTWEM SPO\u0141ECZNYM:<\/strong><\/span>\u00a0<br \/>Nr decyzji w sprawie uzyskania statusu przedsi\u0119biorstwa spo\u0142ecznego przez Fundacj\u0119 Akademia Sportowy Wa\u0142brzych: P\/15\/2025. Decyzja Wojewody Dolno\u015bl\u0105skiego z dn. 22 maja 2025<\/p>\t\t\t\t\t\t\t\t<\/div>\n\t\t\t\t<\/div>\n\t\t\t\t\t<\/div>\n\t\t\t\t<\/div>\n\t\t<div class=\"elementor-element elementor-element-0daa196 e-flex e-con-boxed e-con e-parent\" data-id=\"0daa196\" data-element_type=\"container\">\n\t\t\t\t\t<div class=\"e-con-inner\">\n\t\t\t\t<div class=\"elementor-element elementor-element-69e40c3 elementor-widget-divider--view-line elementor-widget elementor-widget-divider\" data-id=\"69e40c3\" data-element_type=\"widget\" data-widget_type=\"divider.default\">\n\t\t\t\t<div class=\"elementor-widget-container\">\n\t\t\t\t\t\t\t<div class=\"elementor-divider\">\n\t\t\t<span class=\"elementor-divider-separator\">\n\t\t\t\t\t\t<\/span>\n\t\t<\/div>\n\t\t\t\t\t\t<\/div>\n\t\t\t\t<\/div>\n\t\t\t\t\t<\/div>\n\t\t\t\t<\/div>\n\t\t<div class=\"elementor-element elementor-element-d938df4 e-grid e-con-boxed e-con e-parent\" data-id=\"d938df4\" data-element_type=\"container\">\n\t\t\t\t\t<div class=\"e-con-inner\">\n\t\t\t\t<div class=\"elementor-element elementor-element-1719a3e elementor-widget elementor-widget-text-editor\" data-id=\"1719a3e\" data-element_type=\"widget\" data-widget_type=\"text-editor.default\">\n\t\t\t\t<div class=\"elementor-widget-container\">\n\t\t\t\t\t\t\t\t\t<div><span style=\"color: #000080;\"><strong>Zajmujemy si\u0119:<\/strong><\/span><\/div><div><p>\u00a0 \u00a0 PUBLIKACJE TRE\u015aCI<br \/>\u00a0 \u00a0 TRANSMISJE LIVE<br \/>\u00a0 \u00a0 PUBLIC RELATIONS<br \/>\u00a0 \u00a0 SOCIAL MEDIA<br \/>\u00a0 \u00a0 MARKETING SPORTOWY<br \/>\u00a0 \u00a0 MARKETING B2B<br \/>\u00a0 \u00a0 PROJEKTOWANIE GRAFICZNE<br \/>\u00a0 \u00a0 EVENT MEDIA<br \/>\u00a0 \u00a0 PRODUKCJA FILMOWA<br \/>\u00a0 \u00a0 TWORZENIE STRON WWW<br \/>\u00a0 \u00a0 KOMUNIKACJA MARKETINGOWA<\/p><\/div>\t\t\t\t\t\t\t\t<\/div>\n\t\t\t\t<\/div>\n\t\t\t\t<div class=\"elementor-element elementor-element-6e629a6 elementor-widget elementor-widget-text-editor\" data-id=\"6e629a6\" data-element_type=\"widget\" data-widget_type=\"text-editor.default\">\n\t\t\t\t<div class=\"elementor-widget-container\">\n\t\t\t\t\t\t\t\t\t<h1><span style=\"color: #003366;\">Fundacja<\/span><br \/><span class=\"OYPEnA font-feature-liga-off font-feature-clig-off font-feature-calt-off text-decoration-none text-strikethrough-none\" style=\"color: #003366;\">Akademia Sportowy Wa\u0142brzych<\/span><br \/><span class=\"OYPEnA font-feature-liga-off font-feature-clig-off font-feature-calt-off text-decoration-none text-strikethrough-none\" style=\"color: #003366;\">ul. Beethovena 10, 58-300 Wa\u0142brzych<\/span><br \/><span class=\"OYPEnA font-feature-liga-off font-feature-clig-off font-feature-calt-off text-decoration-none text-strikethrough-none\" style=\"color: #003366;\">KRS 0001152121, NIP 8863037042<\/span><\/h1>\t\t\t\t\t\t\t\t<\/div>\n\t\t\t\t<\/div>\n\t\t\t\t\t<\/div>\n\t\t\t\t<\/div>\n\t\t\t\t<\/div>\n\t\t","protected":false},"excerpt":{"rendered":"<p>Fundacja Akademia Sportowy Wa\u0142brzych powsta\u0142a z pasji do sportu. Pasji, kt\u00f3rej celem jest rozw\u00f3j w sporcie i dzia\u0142alno\u015b\u0107 na rzecz sportowc\u00f3w. Rozw\u00f3j rozumiany przez edukacj\u0119, wsp\u00f3\u0142prac\u0119 z klubami, organizacjami sportowymi, samorz\u0105dami i innymi podmiotami. Celem fundacji jest r\u00f3wnie\u017c propagowanie sportu w mediach, w tym prowadzenie transmisji na \u017cywo z wydarze\u0144 sportowych oraz ich organizowanie. Fundacja<span class=\"post-excerpt-end\">&hellip;<\/span><\/p>\n<p class=\"more-link\"><a href=\"https:\/\/sportowaakademia.pl\/index.php\/o-nas\/\" class=\"themebutton\">Read More<\/a><\/p>\n","protected":false},"author":2,"featured_media":0,"parent":0,"menu_order":0,"comment_status":"closed","ping_status":"closed","template":"","meta":{"om_disable_all_campaigns":false,"_monsterinsights_skip_tracking":false,"_monsterinsights_sitenote_active":false,"_monsterinsights_sitenote_note":"","_monsterinsights_sitenote_category":0,"footnotes":""},"class_list":["post-81","page","type-page","status-publish","hentry"],"aioseo_notices":[],"jetpack_sharing_enabled":true,"_links":{"self":[{"href":"https:\/\/sportowaakademia.pl\/index.php\/wp-json\/wp\/v2\/pages\/81","targetHints":{"allow":["GET"]}}],"collection":[{"href":"https:\/\/sportowaakademia.pl\/index.php\/wp-json\/wp\/v2\/pages"}],"about":[{"href":"https:\/\/sportowaakademia.pl\/index.php\/wp-json\/wp\/v2\/types\/page"}],"author":[{"embeddable":true,"href":"https:\/\/sportowaakademia.pl\/index.php\/wp-json\/wp\/v2\/users\/2"}],"replies":[{"embeddable":true,"href":"https:\/\/sportowaakademia.pl\/index.php\/wp-json\/wp\/v2\/comments?post=81"}],"version-history":[{"count":34,"href":"https:\/\/sportowaakademia.pl\/index.php\/wp-json\/wp\/v2\/pages\/81\/revisions"}],"predecessor-version":[{"id":1357,"href":"https:\/\/sportowaakademia.pl\/index.php\/wp-json\/wp\/v2\/pages\/81\/revisions\/1357"}],"wp:attachment":[{"href":"https:\/\/sportowaakademia.pl\/index.php\/wp-json\/wp\/v2\/media?parent=81"}],"curies":[{"name":"wp","href":"https:\/\/api.w.org\/{rel}","templated":true}]}}