{"id":74,"date":"2025-05-05T11:51:02","date_gmt":"2025-05-05T11:51:02","guid":{"rendered":"https:\/\/sportowaakademia.pl\/?page_id=74"},"modified":"2025-05-05T12:47:18","modified_gmt":"2025-05-05T12:47:18","slug":"kontakt","status":"publish","type":"page","link":"https:\/\/sportowaakademia.pl\/index.php\/kontakt\/","title":{"rendered":"KONTAKT"},"content":{"rendered":"\t\t<div data-elementor-type=\"wp-page\" data-elementor-id=\"74\" class=\"elementor elementor-74\">\n\t\t\t\t<div class=\"elementor-element elementor-element-6b85221 e-con-full e-flex e-con e-parent\" data-id=\"6b85221\" data-element_type=\"container\">\n\t\t<div class=\"elementor-element elementor-element-e416bff e-con-full e-flex e-con e-child\" data-id=\"e416bff\" data-element_type=\"container\">\n\t\t\t\t<div class=\"elementor-element elementor-element-da6ac0d elementor-widget elementor-widget-text-editor\" data-id=\"da6ac0d\" data-element_type=\"widget\" data-widget_type=\"text-editor.default\">\n\t\t\t\t<div class=\"elementor-widget-container\">\n\t\t\t\t\t\t\t\t\t<p><strong>Fundacja<\/strong><br \/><span class=\"OYPEnA font-feature-liga-off font-feature-clig-off font-feature-calt-off text-decoration-none text-strikethrough-none\">Akademia Sportowy Wa\u0142brzych<\/span><br \/><span class=\"OYPEnA font-feature-liga-off font-feature-clig-off font-feature-calt-off text-decoration-none text-strikethrough-none\">ul. Beethovena 10, 58-300 Wa\u0142brzych<\/span><br \/><span class=\"OYPEnA font-feature-liga-off font-feature-clig-off font-feature-calt-off text-decoration-none text-strikethrough-none\">KRS 0001152121, NIP 8863037042<\/span><\/p>\t\t\t\t\t\t\t\t<\/div>\n\t\t\t\t<\/div>\n\t\t\t\t<\/div>\n\t\t<div class=\"elementor-element elementor-element-975a1ee e-con-full e-flex e-con e-child\" data-id=\"975a1ee\" data-element_type=\"container\">\n\t\t\t\t<\/div>\n\t\t\t\t<\/div>\n\t\t<div class=\"elementor-element elementor-element-0d745dd e-con-full e-flex e-con e-parent\" data-id=\"0d745dd\" data-element_type=\"container\">\n\t\t<div class=\"elementor-element elementor-element-0386be6 e-con-full e-flex e-con e-child\" data-id=\"0386be6\" data-element_type=\"container\">\n\t\t\t\t<div class=\"elementor-element elementor-element-13a9ce3 elementor-widget elementor-widget-text-editor\" data-id=\"13a9ce3\" data-element_type=\"widget\" data-widget_type=\"text-editor.default\">\n\t\t\t\t<div class=\"elementor-widget-container\">\n\t\t\t\t\t\t\t\t\t<p><strong>Prezes<\/strong><br \/><span class=\"OYPEnA font-feature-liga-off font-feature-clig-off font-feature-calt-off text-decoration-none text-strikethrough-none\">Dobros\u0142aw Kowalski<\/span><br \/>tel: +48 <span class=\"OYPEnA font-feature-liga-off font-feature-clig-off font-feature-calt-off text-decoration-none text-strikethrough-none\">698 966 444<br \/>e: kowalski.promo@gmail.com<br \/><\/span><\/p>\t\t\t\t\t\t\t\t<\/div>\n\t\t\t\t<\/div>\n\t\t\t\t<\/div>\n\t\t<div class=\"elementor-element elementor-element-0593abd e-con-full e-flex e-con e-child\" data-id=\"0593abd\" data-element_type=\"container\">\n\t\t\t\t<div class=\"elementor-element elementor-element-651b262 elementor-widget elementor-widget-text-editor\" data-id=\"651b262\" data-element_type=\"widget\" data-widget_type=\"text-editor.default\">\n\t\t\t\t<div class=\"elementor-widget-container\">\n\t\t\t\t\t\t\t\t\t<p><strong>Wiceprezes\u00a0<\/strong><br \/><span class=\"OYPEnA font-feature-liga-off font-feature-clig-off font-feature-calt-off text-decoration-none text-strikethrough-none\">Jakub Zima<\/span><br \/>tel: +48 729 650 659<br \/>e: jakub.zima@sportowy-walbrzych.com.pl<\/p>\t\t\t\t\t\t\t\t<\/div>\n\t\t\t\t<\/div>\n\t\t\t\t<\/div>\n\t\t<div class=\"elementor-element elementor-element-9b09845 e-con-full e-flex e-con e-child\" data-id=\"9b09845\" data-element_type=\"container\">\n\t\t\t\t<div class=\"elementor-element elementor-element-fddfb01 elementor-widget elementor-widget-text-editor\" data-id=\"fddfb01\" data-element_type=\"widget\" data-widget_type=\"text-editor.default\">\n\t\t\t\t<div class=\"elementor-widget-container\">\n\t\t\t\t\t\t\t\t\t<p><strong>Cz\u0142onek Zarz\u0105du<\/strong><br \/><span class=\"OYPEnA font-feature-liga-off font-feature-clig-off font-feature-calt-off text-decoration-none text-strikethrough-none\">Pawe\u0142 Szpur<\/span><br \/>tel: +48 <span class=\"OYPEnA font-feature-liga-off font-feature-clig-off font-feature-calt-off text-decoration-none text-strikethrough-none\">509 762 922<br \/>e: pawelszpur@gmail.com<\/span><\/p>\t\t\t\t\t\t\t\t<\/div>\n\t\t\t\t<\/div>\n\t\t\t\t<\/div>\n\t\t\t\t<\/div>\n\t\t\t\t<\/div>\n\t\t","protected":false},"excerpt":{"rendered":"<p>FundacjaAkademia Sportowy Wa\u0142brzychul. Beethovena 10, 58-300 Wa\u0142brzychKRS 0001152121, NIP 8863037042 PrezesDobros\u0142aw Kowalskitel: +48 698 966 444e: kowalski.promo@gmail.com Wiceprezes\u00a0Jakub Zimatel: +48 729 650 659e: jakub.zima@sportowy-walbrzych.com.pl Cz\u0142onek Zarz\u0105duPawe\u0142 Szpurtel: +48 509 762 922e: pawelszpur@gmail.com<\/p>\n","protected":false},"author":2,"featured_media":0,"parent":0,"menu_order":0,"comment_status":"closed","ping_status":"closed","template":"","meta":{"om_disable_all_campaigns":false,"_monsterinsights_skip_tracking":false,"_monsterinsights_sitenote_active":false,"_monsterinsights_sitenote_note":"","_monsterinsights_sitenote_category":0,"footnotes":""},"class_list":["post-74","page","type-page","status-publish","hentry"],"aioseo_notices":[],"jetpack_sharing_enabled":true,"_links":{"self":[{"href":"https:\/\/sportowaakademia.pl\/index.php\/wp-json\/wp\/v2\/pages\/74","targetHints":{"allow":["GET"]}}],"collection":[{"href":"https:\/\/sportowaakademia.pl\/index.php\/wp-json\/wp\/v2\/pages"}],"about":[{"href":"https:\/\/sportowaakademia.pl\/index.php\/wp-json\/wp\/v2\/types\/page"}],"author":[{"embeddable":true,"href":"https:\/\/sportowaakademia.pl\/index.php\/wp-json\/wp\/v2\/users\/2"}],"replies":[{"embeddable":true,"href":"https:\/\/sportowaakademia.pl\/index.php\/wp-json\/wp\/v2\/comments?post=74"}],"version-history":[{"count":28,"href":"https:\/\/sportowaakademia.pl\/index.php\/wp-json\/wp\/v2\/pages\/74\/revisions"}],"predecessor-version":[{"id":118,"href":"https:\/\/sportowaakademia.pl\/index.php\/wp-json\/wp\/v2\/pages\/74\/revisions\/118"}],"wp:attachment":[{"href":"https:\/\/sportowaakademia.pl\/index.php\/wp-json\/wp\/v2\/media?parent=74"}],"curies":[{"name":"wp","href":"https:\/\/api.w.org\/{rel}","templated":true}]}}