{"id":17,"date":"2025-05-05T07:49:46","date_gmt":"2025-05-05T07:49:46","guid":{"rendered":"https:\/\/sportowaakademia.pl\/?page_id=17"},"modified":"2025-05-30T09:24:50","modified_gmt":"2025-05-30T09:24:50","slug":"aktualnosci","status":"publish","type":"page","link":"https:\/\/sportowaakademia.pl\/index.php\/aktualnosci\/","title":{"rendered":"Aktualno\u015bci"},"content":{"rendered":"\t\t<div data-elementor-type=\"wp-page\" data-elementor-id=\"17\" class=\"elementor elementor-17\">\n\t\t\t\t<div class=\"elementor-element elementor-element-a18f1bf e-flex e-con-boxed e-con e-parent\" data-id=\"a18f1bf\" data-element_type=\"container\">\n\t\t\t\t\t<div class=\"e-con-inner\">\n\t\t\t\t<div class=\"elementor-element elementor-element-10fe17d elementor-widget__width-initial anwp-pg-widget-header-style--b anwp-pg-post-teaser__post-icon--size-16 elementor-widget elementor-widget-anwp-pg-simple-grid\" data-id=\"10fe17d\" data-element_type=\"widget\" data-widget_type=\"anwp-pg-simple-grid.default\">\n\t\t\t\t<div class=\"elementor-widget-container\">\n\t\t\t\t\t<div class=\"anwp-pg-wrap\">\n\n\t\n\t<div class=\"d-flex anwp-row flex-wrap anwp-pg-simple-grid anwp-pg-posts-wrapper anwp-pg-simple-grid__gutter-thick \">\n\t\t<div class=\"anwp-pg-post-teaser anwp-pg-post-teaser--layout-a anwp-col-lg-3 anwp-col-sm-6 anwp-col-12\">\n\t<div class=\"anwp-pg-post-teaser__thumbnail position-relative\">\n\n\t\t\n\t\t\t\t\t<img loading=\"lazy\" class=\"anwp-pg-post-teaser__thumbnail-img d-block anwp-pg-height-300 anwp-object-cover m-0 w-100\"\n\t\t\t\talt=\"Herbata: Eliksir zdrowia w Twojej fili\u017cance\"\n\t\t\t\tsrc=\"https:\/\/sportowaakademia.pl\/wp-content\/uploads\/2026\/01\/Gemini_Generated_Image_82b2kr82b2kr82b2.png\" \/>\n\t\t\n\t\t<div class=\"anwp-pg-post-teaser__muted_bg\"><\/div>\n\t\t<div class=\"anwp-pg-post-teaser__thumbnail-bg anwp-position-cover\"><\/div>\n\n\t\t<div class=\"anwp-pg-post-teaser__content d-flex flex-column anwp-position-cover\">\n\t\t\t<div class=\"anwp-pg-post-teaser__top-meta d-flex mb-2\">\n\t\t\t\t\t\t\t<\/div>\n\n\t\t\t\n\t\t\t<div class=\"anwp-pg-post-teaser__title anwp-font-heading mt-auto mb-1\">\n\t\t\t\tHerbata: Eliksir zdrowia w Twojej fili\u017cance\t\t\t<\/div>\n\n\t\t\t\t\t\t\t<div class=\"mb-2\"><\/div>\n\t\t\t\t\t<\/div>\n\n\t\t<a class=\"anwp-position-cover anwp-link-without-effects\" href=\"https:\/\/sportowaakademia.pl\/index.php\/2026\/01\/08\/herbata-eliksir-zdrowia-w-twojej-filizance\/\" aria-hidden=\"true\" ><\/a>\n\t<\/div>\n<\/div>\n<div class=\"anwp-pg-post-teaser anwp-pg-post-teaser--layout-a anwp-col-lg-3 anwp-col-sm-6 anwp-col-12\">\n\t<div class=\"anwp-pg-post-teaser__thumbnail position-relative\">\n\n\t\t\n\t\t\t\t\t<img loading=\"lazy\" class=\"anwp-pg-post-teaser__thumbnail-img d-block anwp-pg-height-300 anwp-object-cover m-0 w-100\"\n\t\t\t\talt=\"Jak do\u0142adowa\u0107 \u017cyciowe baterie?\"\n\t\t\t\tsrc=\"https:\/\/sportowaakademia.pl\/wp-content\/uploads\/2026\/01\/Gemini_Generated_Image_y2asi5y2asi5y2as.png\" \/>\n\t\t\n\t\t<div class=\"anwp-pg-post-teaser__muted_bg\"><\/div>\n\t\t<div class=\"anwp-pg-post-teaser__thumbnail-bg anwp-position-cover\"><\/div>\n\n\t\t<div class=\"anwp-pg-post-teaser__content d-flex flex-column anwp-position-cover\">\n\t\t\t<div class=\"anwp-pg-post-teaser__top-meta d-flex mb-2\">\n\t\t\t\t\t\t\t<\/div>\n\n\t\t\t\n\t\t\t<div class=\"anwp-pg-post-teaser__title anwp-font-heading mt-auto mb-1\">\n\t\t\t\tJak do\u0142adowa\u0107 \u017cyciowe baterie?\t\t\t<\/div>\n\n\t\t\t\t\t\t\t<div class=\"mb-2\"><\/div>\n\t\t\t\t\t<\/div>\n\n\t\t<a class=\"anwp-position-cover anwp-link-without-effects\" href=\"https:\/\/sportowaakademia.pl\/index.php\/2026\/01\/08\/jak-doladowac-zyciowe-baterie\/\" aria-hidden=\"true\" ><\/a>\n\t<\/div>\n<\/div>\n<div class=\"anwp-pg-post-teaser anwp-pg-post-teaser--layout-a anwp-col-lg-3 anwp-col-sm-6 anwp-col-12\">\n\t<div class=\"anwp-pg-post-teaser__thumbnail position-relative\">\n\n\t\t\n\t\t\t\t\t<img loading=\"lazy\" class=\"anwp-pg-post-teaser__thumbnail-img d-block anwp-pg-height-300 anwp-object-cover m-0 w-100\"\n\t\t\t\talt=\"Ci\u0105gle w trybie \u201elow battery\u201d?\"\n\t\t\t\tsrc=\"https:\/\/sportowaakademia.pl\/wp-content\/uploads\/2026\/01\/Gemini_Generated_Image_dgcj0adgcj0adgcj.png\" \/>\n\t\t\n\t\t<div class=\"anwp-pg-post-teaser__muted_bg\"><\/div>\n\t\t<div class=\"anwp-pg-post-teaser__thumbnail-bg anwp-position-cover\"><\/div>\n\n\t\t<div class=\"anwp-pg-post-teaser__content d-flex flex-column anwp-position-cover\">\n\t\t\t<div class=\"anwp-pg-post-teaser__top-meta d-flex mb-2\">\n\t\t\t\t\t\t\t<\/div>\n\n\t\t\t\n\t\t\t<div class=\"anwp-pg-post-teaser__title anwp-font-heading mt-auto mb-1\">\n\t\t\t\tCi\u0105gle w trybie \u201elow battery\u201d?\t\t\t<\/div>\n\n\t\t\t\t\t\t\t<div class=\"mb-2\"><\/div>\n\t\t\t\t\t<\/div>\n\n\t\t<a class=\"anwp-position-cover anwp-link-without-effects\" href=\"https:\/\/sportowaakademia.pl\/index.php\/2026\/01\/08\/ciagle-w-trybie-low-battery\/\" aria-hidden=\"true\" ><\/a>\n\t<\/div>\n<\/div>\n<div class=\"anwp-pg-post-teaser anwp-pg-post-teaser--layout-a anwp-col-lg-3 anwp-col-sm-6 anwp-col-12\">\n\t<div class=\"anwp-pg-post-teaser__thumbnail position-relative\">\n\n\t\t\n\t\t\t\t\t<img loading=\"lazy\" class=\"anwp-pg-post-teaser__thumbnail-img d-block anwp-pg-height-300 anwp-object-cover m-0 w-100\"\n\t\t\t\talt=\"Biohacking i Nowoczesna Regeneracja: Klucz do Optymalnych Wynik\u00f3w w Sporcie\"\n\t\t\t\tsrc=\"https:\/\/sportowaakademia.pl\/wp-content\/uploads\/2025\/12\/unnamed-4.jpg\" \/>\n\t\t\n\t\t<div class=\"anwp-pg-post-teaser__muted_bg\"><\/div>\n\t\t<div class=\"anwp-pg-post-teaser__thumbnail-bg anwp-position-cover\"><\/div>\n\n\t\t<div class=\"anwp-pg-post-teaser__content d-flex flex-column anwp-position-cover\">\n\t\t\t<div class=\"anwp-pg-post-teaser__top-meta d-flex mb-2\">\n\t\t\t\t\t\t\t<\/div>\n\n\t\t\t\n\t\t\t<div class=\"anwp-pg-post-teaser__title anwp-font-heading mt-auto mb-1\">\n\t\t\t\tBiohacking i Nowoczesna Regeneracja: Klucz do Optymalnych Wynik\u00f3w w Sporcie\t\t\t<\/div>\n\n\t\t\t\t\t\t\t<div class=\"mb-2\"><\/div>\n\t\t\t\t\t<\/div>\n\n\t\t<a class=\"anwp-position-cover anwp-link-without-effects\" href=\"https:\/\/sportowaakademia.pl\/index.php\/2025\/12\/27\/biohacking-i-nowoczesna-regeneracja-klucz-do-optymalnych-wynikow-w-sporcie\/\" aria-hidden=\"true\" ><\/a>\n\t<\/div>\n<\/div>\n<div class=\"anwp-pg-post-teaser anwp-pg-post-teaser--layout-a anwp-col-lg-3 anwp-col-sm-6 anwp-col-12\">\n\t<div class=\"anwp-pg-post-teaser__thumbnail position-relative\">\n\n\t\t\n\t\t\t\t\t<img loading=\"lazy\" class=\"anwp-pg-post-teaser__thumbnail-img d-block anwp-pg-height-300 anwp-object-cover m-0 w-100\"\n\t\t\t\talt=\"Psychologia Sportu i Stan &#8222;Flow&#8221;: Jak Trenowa\u0107 Umys\u0142 dla Maksymalnych Wynik\u00f3w i Dobrostanu\"\n\t\t\t\tsrc=\"https:\/\/sportowaakademia.pl\/wp-content\/uploads\/2025\/12\/unnamed-3.jpg\" \/>\n\t\t\n\t\t<div class=\"anwp-pg-post-teaser__muted_bg\"><\/div>\n\t\t<div class=\"anwp-pg-post-teaser__thumbnail-bg anwp-position-cover\"><\/div>\n\n\t\t<div class=\"anwp-pg-post-teaser__content d-flex flex-column anwp-position-cover\">\n\t\t\t<div class=\"anwp-pg-post-teaser__top-meta d-flex mb-2\">\n\t\t\t\t\t\t\t<\/div>\n\n\t\t\t\n\t\t\t<div class=\"anwp-pg-post-teaser__title anwp-font-heading mt-auto mb-1\">\n\t\t\t\tPsychologia Sportu i Stan &#8222;Flow&#8221;: Jak Trenowa\u0107 Umys\u0142 dla Maksymalnych Wynik\u00f3w i Dobrostanu\t\t\t<\/div>\n\n\t\t\t\t\t\t\t<div class=\"mb-2\"><\/div>\n\t\t\t\t\t<\/div>\n\n\t\t<a class=\"anwp-position-cover anwp-link-without-effects\" href=\"https:\/\/sportowaakademia.pl\/index.php\/2025\/12\/20\/psychologia-sportu-i-stan-flow-jak-trenowac-umysl-dla-maksymalnych-wynikow-i-dobrostanu\/\" aria-hidden=\"true\" ><\/a>\n\t<\/div>\n<\/div>\n<div class=\"anwp-pg-post-teaser anwp-pg-post-teaser--layout-a anwp-col-lg-3 anwp-col-sm-6 anwp-col-12\">\n\t<div class=\"anwp-pg-post-teaser__thumbnail position-relative\">\n\n\t\t\n\t\t\t\t\t<img loading=\"lazy\" class=\"anwp-pg-post-teaser__thumbnail-img d-block anwp-pg-height-300 anwp-object-cover m-0 w-100\"\n\t\t\t\talt=\"Trening Hybrydowy: Si\u0142a spotyka Wytrzyma\u0142o\u015b\u0107 \u2013 Nowa Era Fitnessu\"\n\t\t\t\tsrc=\"https:\/\/sportowaakademia.pl\/wp-content\/uploads\/2025\/12\/unnamed-2.jpg\" \/>\n\t\t\n\t\t<div class=\"anwp-pg-post-teaser__muted_bg\"><\/div>\n\t\t<div class=\"anwp-pg-post-teaser__thumbnail-bg anwp-position-cover\"><\/div>\n\n\t\t<div class=\"anwp-pg-post-teaser__content d-flex flex-column anwp-position-cover\">\n\t\t\t<div class=\"anwp-pg-post-teaser__top-meta d-flex mb-2\">\n\t\t\t\t\t\t\t<\/div>\n\n\t\t\t\n\t\t\t<div class=\"anwp-pg-post-teaser__title anwp-font-heading mt-auto mb-1\">\n\t\t\t\tTrening Hybrydowy: Si\u0142a spotyka Wytrzyma\u0142o\u015b\u0107 \u2013 Nowa Era Fitnessu\t\t\t<\/div>\n\n\t\t\t\t\t\t\t<div class=\"mb-2\"><\/div>\n\t\t\t\t\t<\/div>\n\n\t\t<a class=\"anwp-position-cover anwp-link-without-effects\" href=\"https:\/\/sportowaakademia.pl\/index.php\/2025\/12\/15\/trening-hybrydowy-sila-spotyka-wytrzymalosc-nowa-era-fitnessu\/\" aria-hidden=\"true\" ><\/a>\n\t<\/div>\n<\/div>\n<div class=\"anwp-pg-post-teaser anwp-pg-post-teaser--layout-a anwp-col-lg-3 anwp-col-sm-6 anwp-col-12\">\n\t<div class=\"anwp-pg-post-teaser__thumbnail position-relative\">\n\n\t\t\n\t\t\t\t\t<img loading=\"lazy\" class=\"anwp-pg-post-teaser__thumbnail-img d-block anwp-pg-height-300 anwp-object-cover m-0 w-100\"\n\t\t\t\talt=\"Sukces III Akademii Sportowego Wa\u0142brzycha: Wiedza, Pasja i Mistrzowskie Inspiracje\"\n\t\t\t\tsrc=\"https:\/\/sportowaakademia.pl\/wp-content\/uploads\/2025\/12\/III-Akademia-Sportowy-Walbrzych-2-scaled.jpg\" \/>\n\t\t\n\t\t<div class=\"anwp-pg-post-teaser__muted_bg\"><\/div>\n\t\t<div class=\"anwp-pg-post-teaser__thumbnail-bg anwp-position-cover\"><\/div>\n\n\t\t<div class=\"anwp-pg-post-teaser__content d-flex flex-column anwp-position-cover\">\n\t\t\t<div class=\"anwp-pg-post-teaser__top-meta d-flex mb-2\">\n\t\t\t\t\t\t\t<\/div>\n\n\t\t\t\n\t\t\t<div class=\"anwp-pg-post-teaser__title anwp-font-heading mt-auto mb-1\">\n\t\t\t\tSukces III Akademii Sportowego Wa\u0142brzycha: Wiedza, Pasja i Mistrzowskie Inspiracje\t\t\t<\/div>\n\n\t\t\t\t\t\t\t<div class=\"mb-2\"><\/div>\n\t\t\t\t\t<\/div>\n\n\t\t<a class=\"anwp-position-cover anwp-link-without-effects\" href=\"https:\/\/sportowaakademia.pl\/index.php\/2025\/11\/27\/sukces-iii-akademii-sportowego-walbrzycha-wiedza-pasja-i-mistrzowskie-inspiracje\/\" aria-hidden=\"true\" ><\/a>\n\t<\/div>\n<\/div>\n<div class=\"anwp-pg-post-teaser anwp-pg-post-teaser--layout-a anwp-col-lg-3 anwp-col-sm-6 anwp-col-12\">\n\t<div class=\"anwp-pg-post-teaser__thumbnail position-relative\">\n\n\t\t\n\t\t\t\t\t<img loading=\"lazy\" class=\"anwp-pg-post-teaser__thumbnail-img d-block anwp-pg-height-300 anwp-object-cover m-0 w-100\"\n\t\t\t\talt=\"III Akademia Sportowego Wa\u0142brzycha\"\n\t\t\t\tsrc=\"https:\/\/sportowaakademia.pl\/wp-content\/uploads\/2025\/11\/akademia_sportowy_walbrzych_2025.jpg\" \/>\n\t\t\n\t\t<div class=\"anwp-pg-post-teaser__muted_bg\"><\/div>\n\t\t<div class=\"anwp-pg-post-teaser__thumbnail-bg anwp-position-cover\"><\/div>\n\n\t\t<div class=\"anwp-pg-post-teaser__content d-flex flex-column anwp-position-cover\">\n\t\t\t<div class=\"anwp-pg-post-teaser__top-meta d-flex mb-2\">\n\t\t\t\t\t\t\t<\/div>\n\n\t\t\t\n\t\t\t<div class=\"anwp-pg-post-teaser__title anwp-font-heading mt-auto mb-1\">\n\t\t\t\tIII Akademia Sportowego Wa\u0142brzycha\t\t\t<\/div>\n\n\t\t\t\t\t\t\t<div class=\"mb-2\"><\/div>\n\t\t\t\t\t<\/div>\n\n\t\t<a class=\"anwp-position-cover anwp-link-without-effects\" href=\"https:\/\/sportowaakademia.pl\/index.php\/2025\/11\/24\/iii-akademia-sportowego-walbrzycha\/\" aria-hidden=\"true\" ><\/a>\n\t<\/div>\n<\/div>\n<div class=\"anwp-pg-post-teaser anwp-pg-post-teaser--layout-a anwp-col-lg-3 anwp-col-sm-6 anwp-col-12\">\n\t<div class=\"anwp-pg-post-teaser__thumbnail position-relative\">\n\n\t\t\n\t\t\t\t\t<img loading=\"lazy\" class=\"anwp-pg-post-teaser__thumbnail-img d-block anwp-pg-height-300 anwp-object-cover m-0 w-100\"\n\t\t\t\talt=\"7-dniowy plan poprawy snu i regeneracji\"\n\t\t\t\tsrc=\"https:\/\/sportowaakademia.pl\/wp-content\/uploads\/2025\/08\/writing-7702615_1280.jpg\" \/>\n\t\t\n\t\t<div class=\"anwp-pg-post-teaser__muted_bg\"><\/div>\n\t\t<div class=\"anwp-pg-post-teaser__thumbnail-bg anwp-position-cover\"><\/div>\n\n\t\t<div class=\"anwp-pg-post-teaser__content d-flex flex-column anwp-position-cover\">\n\t\t\t<div class=\"anwp-pg-post-teaser__top-meta d-flex mb-2\">\n\t\t\t\t\t\t\t<\/div>\n\n\t\t\t\n\t\t\t<div class=\"anwp-pg-post-teaser__title anwp-font-heading mt-auto mb-1\">\n\t\t\t\t7-dniowy plan poprawy snu i regeneracji\t\t\t<\/div>\n\n\t\t\t\t\t\t\t<div class=\"mb-2\"><\/div>\n\t\t\t\t\t<\/div>\n\n\t\t<a class=\"anwp-position-cover anwp-link-without-effects\" href=\"https:\/\/sportowaakademia.pl\/index.php\/2025\/08\/13\/7-dniowy-plan-poprawy-snu-i-regeneracji\/\" aria-hidden=\"true\" ><\/a>\n\t<\/div>\n<\/div>\n<div class=\"anwp-pg-post-teaser anwp-pg-post-teaser--layout-a anwp-col-lg-3 anwp-col-sm-6 anwp-col-12\">\n\t<div class=\"anwp-pg-post-teaser__thumbnail position-relative\">\n\n\t\t\n\t\t\t\t\t<img loading=\"lazy\" class=\"anwp-pg-post-teaser__thumbnail-img d-block anwp-pg-height-300 anwp-object-cover m-0 w-100\"\n\t\t\t\talt=\"Jak dba\u0107 o sen i regeneracj\u0119 \u2013 klucz do zdrowia i dobrego samopoczucia\"\n\t\t\t\tsrc=\"https:\/\/sportowaakademia.pl\/wp-content\/uploads\/2025\/08\/baby-3149224_1280.jpg\" \/>\n\t\t\n\t\t<div class=\"anwp-pg-post-teaser__muted_bg\"><\/div>\n\t\t<div class=\"anwp-pg-post-teaser__thumbnail-bg anwp-position-cover\"><\/div>\n\n\t\t<div class=\"anwp-pg-post-teaser__content d-flex flex-column anwp-position-cover\">\n\t\t\t<div class=\"anwp-pg-post-teaser__top-meta d-flex mb-2\">\n\t\t\t\t\t\t\t<\/div>\n\n\t\t\t\n\t\t\t<div class=\"anwp-pg-post-teaser__title anwp-font-heading mt-auto mb-1\">\n\t\t\t\tJak dba\u0107 o sen i regeneracj\u0119 \u2013 klucz do zdrowia i dobrego samopoczucia\t\t\t<\/div>\n\n\t\t\t\t\t\t\t<div class=\"mb-2\"><\/div>\n\t\t\t\t\t<\/div>\n\n\t\t<a class=\"anwp-position-cover anwp-link-without-effects\" href=\"https:\/\/sportowaakademia.pl\/index.php\/2025\/08\/13\/jak-dbac-o-sen-i-regeneracje-klucz-do-zdrowia-i-dobrego-samopoczucia\/\" aria-hidden=\"true\" ><\/a>\n\t<\/div>\n<\/div>\n<div class=\"anwp-pg-post-teaser anwp-pg-post-teaser--layout-a anwp-col-lg-3 anwp-col-sm-6 anwp-col-12\">\n\t<div class=\"anwp-pg-post-teaser__thumbnail position-relative\">\n\n\t\t\n\t\t\t\t\t<img loading=\"lazy\" class=\"anwp-pg-post-teaser__thumbnail-img d-block anwp-pg-height-300 anwp-object-cover m-0 w-100\"\n\t\t\t\talt=\"Odchudzanie \u2013 fakty, mity i skuteczne metody\"\n\t\t\t\tsrc=\"https:\/\/sportowaakademia.pl\/wp-content\/uploads\/2025\/08\/salad-374173_1280.jpg\" \/>\n\t\t\n\t\t<div class=\"anwp-pg-post-teaser__muted_bg\"><\/div>\n\t\t<div class=\"anwp-pg-post-teaser__thumbnail-bg anwp-position-cover\"><\/div>\n\n\t\t<div class=\"anwp-pg-post-teaser__content d-flex flex-column anwp-position-cover\">\n\t\t\t<div class=\"anwp-pg-post-teaser__top-meta d-flex mb-2\">\n\t\t\t\t\t\t\t<\/div>\n\n\t\t\t\n\t\t\t<div class=\"anwp-pg-post-teaser__title anwp-font-heading mt-auto mb-1\">\n\t\t\t\tOdchudzanie \u2013 fakty, mity i skuteczne metody\t\t\t<\/div>\n\n\t\t\t\t\t\t\t<div class=\"mb-2\"><\/div>\n\t\t\t\t\t<\/div>\n\n\t\t<a class=\"anwp-position-cover anwp-link-without-effects\" href=\"https:\/\/sportowaakademia.pl\/index.php\/2025\/08\/13\/odchudzanie-fakty-mity-i-skuteczne-metody\/\" aria-hidden=\"true\" ><\/a>\n\t<\/div>\n<\/div>\n<div class=\"anwp-pg-post-teaser anwp-pg-post-teaser--layout-a anwp-col-lg-3 anwp-col-sm-6 anwp-col-12\">\n\t<div class=\"anwp-pg-post-teaser__thumbnail position-relative\">\n\n\t\t\n\t\t\t\t\t<img loading=\"lazy\" class=\"anwp-pg-post-teaser__thumbnail-img d-block anwp-pg-height-300 anwp-object-cover m-0 w-100\"\n\t\t\t\talt=\"Zapraszamy na II Akademi\u0119 Sportowego Wa\u0142brzycha!\"\n\t\t\t\tsrc=\"https:\/\/sportowaakademia.pl\/wp-content\/uploads\/2025\/06\/Plakat-II-Akademia.jpg\" \/>\n\t\t\n\t\t<div class=\"anwp-pg-post-teaser__muted_bg\"><\/div>\n\t\t<div class=\"anwp-pg-post-teaser__thumbnail-bg anwp-position-cover\"><\/div>\n\n\t\t<div class=\"anwp-pg-post-teaser__content d-flex flex-column anwp-position-cover\">\n\t\t\t<div class=\"anwp-pg-post-teaser__top-meta d-flex mb-2\">\n\t\t\t\t\t\t\t<\/div>\n\n\t\t\t\n\t\t\t<div class=\"anwp-pg-post-teaser__title anwp-font-heading mt-auto mb-1\">\n\t\t\t\tZapraszamy na II Akademi\u0119 Sportowego Wa\u0142brzycha!\t\t\t<\/div>\n\n\t\t\t\t\t\t\t<div class=\"mb-2\"><\/div>\n\t\t\t\t\t<\/div>\n\n\t\t<a class=\"anwp-position-cover anwp-link-without-effects\" href=\"https:\/\/sportowaakademia.pl\/index.php\/2025\/06\/13\/zapraszamy-na-ii-akademie-sportowego-walbrzycha\/\" aria-hidden=\"true\" ><\/a>\n\t<\/div>\n<\/div>\n<div class=\"anwp-pg-post-teaser anwp-pg-post-teaser--layout-a anwp-col-lg-3 anwp-col-sm-6 anwp-col-12\">\n\t<div class=\"anwp-pg-post-teaser__thumbnail position-relative\">\n\n\t\t\n\t\t\t\t\t<img loading=\"lazy\" class=\"anwp-pg-post-teaser__thumbnail-img d-block anwp-pg-height-300 anwp-object-cover m-0 w-100\"\n\t\t\t\talt=\"\u015aniadanie jako najwa\u017cniejszy posi\u0142ek dnia\"\n\t\t\t\tsrc=\"https:\/\/sportowaakademia.pl\/wp-content\/uploads\/2025\/05\/toast-7009956_1280.jpg\" \/>\n\t\t\n\t\t<div class=\"anwp-pg-post-teaser__muted_bg\"><\/div>\n\t\t<div class=\"anwp-pg-post-teaser__thumbnail-bg anwp-position-cover\"><\/div>\n\n\t\t<div class=\"anwp-pg-post-teaser__content d-flex flex-column anwp-position-cover\">\n\t\t\t<div class=\"anwp-pg-post-teaser__top-meta d-flex mb-2\">\n\t\t\t\t\t\t\t<\/div>\n\n\t\t\t\n\t\t\t<div class=\"anwp-pg-post-teaser__title anwp-font-heading mt-auto mb-1\">\n\t\t\t\t\u015aniadanie jako najwa\u017cniejszy posi\u0142ek dnia\t\t\t<\/div>\n\n\t\t\t\t\t\t\t<div class=\"mb-2\"><\/div>\n\t\t\t\t\t<\/div>\n\n\t\t<a class=\"anwp-position-cover anwp-link-without-effects\" href=\"https:\/\/sportowaakademia.pl\/index.php\/2025\/05\/30\/sniadanie-jako-najwazniejszy-posilek-dnia\/\" aria-hidden=\"true\" ><\/a>\n\t<\/div>\n<\/div>\n<div class=\"anwp-pg-post-teaser anwp-pg-post-teaser--layout-a anwp-col-lg-3 anwp-col-sm-6 anwp-col-12\">\n\t<div class=\"anwp-pg-post-teaser__thumbnail position-relative\">\n\n\t\t\n\t\t\t\t\t<img loading=\"lazy\" class=\"anwp-pg-post-teaser__thumbnail-img d-block anwp-pg-height-300 anwp-object-cover m-0 w-100\"\n\t\t\t\talt=\"Zdrowe od\u017cywianie kluczem do sukcesu m\u0142odych sportowc\u00f3w\"\n\t\t\t\tsrc=\"https:\/\/sportowaakademia.pl\/wp-content\/uploads\/2025\/05\/bleachers-1867992__340.jpg\" \/>\n\t\t\n\t\t<div class=\"anwp-pg-post-teaser__muted_bg\"><\/div>\n\t\t<div class=\"anwp-pg-post-teaser__thumbnail-bg anwp-position-cover\"><\/div>\n\n\t\t<div class=\"anwp-pg-post-teaser__content d-flex flex-column anwp-position-cover\">\n\t\t\t<div class=\"anwp-pg-post-teaser__top-meta d-flex mb-2\">\n\t\t\t\t\t\t\t<\/div>\n\n\t\t\t\n\t\t\t<div class=\"anwp-pg-post-teaser__title anwp-font-heading mt-auto mb-1\">\n\t\t\t\tZdrowe od\u017cywianie kluczem do sukcesu m\u0142odych sportowc\u00f3w\t\t\t<\/div>\n\n\t\t\t\t\t\t\t<div class=\"mb-2\"><\/div>\n\t\t\t\t\t<\/div>\n\n\t\t<a class=\"anwp-position-cover anwp-link-without-effects\" href=\"https:\/\/sportowaakademia.pl\/index.php\/2025\/05\/30\/zdrowe-odzywianie-kluczem-do-sukcesu-mlodych-sportowcow\/\" aria-hidden=\"true\" ><\/a>\n\t<\/div>\n<\/div>\n<div class=\"anwp-pg-post-teaser anwp-pg-post-teaser--layout-a anwp-col-lg-3 anwp-col-sm-6 anwp-col-12\">\n\t<div class=\"anwp-pg-post-teaser__thumbnail position-relative\">\n\n\t\t\n\t\t\t\t\t<img loading=\"lazy\" class=\"anwp-pg-post-teaser__thumbnail-img d-block anwp-pg-height-300 anwp-object-cover m-0 w-100\"\n\t\t\t\talt=\"Wp\u0142yw w\u0142a\u015bciwego od\u017cywiania na metabolizm\"\n\t\t\t\tsrc=\"https:\/\/sportowaakademia.pl\/wp-content\/uploads\/2025\/05\/weight-8246973_1280.jpg\" \/>\n\t\t\n\t\t<div class=\"anwp-pg-post-teaser__muted_bg\"><\/div>\n\t\t<div class=\"anwp-pg-post-teaser__thumbnail-bg anwp-position-cover\"><\/div>\n\n\t\t<div class=\"anwp-pg-post-teaser__content d-flex flex-column anwp-position-cover\">\n\t\t\t<div class=\"anwp-pg-post-teaser__top-meta d-flex mb-2\">\n\t\t\t\t\t\t\t<\/div>\n\n\t\t\t\n\t\t\t<div class=\"anwp-pg-post-teaser__title anwp-font-heading mt-auto mb-1\">\n\t\t\t\tWp\u0142yw w\u0142a\u015bciwego od\u017cywiania na metabolizm\t\t\t<\/div>\n\n\t\t\t\t\t\t\t<div class=\"mb-2\"><\/div>\n\t\t\t\t\t<\/div>\n\n\t\t<a class=\"anwp-position-cover anwp-link-without-effects\" href=\"https:\/\/sportowaakademia.pl\/index.php\/2025\/05\/05\/test\/\" aria-hidden=\"true\" ><\/a>\n\t<\/div>\n<\/div>\n<div class=\"anwp-pg-post-teaser anwp-pg-post-teaser--layout-a anwp-col-lg-3 anwp-col-sm-6 anwp-col-12\">\n\t<div class=\"anwp-pg-post-teaser__thumbnail position-relative\">\n\n\t\t\n\t\t\t\t\t<img loading=\"lazy\" class=\"anwp-pg-post-teaser__thumbnail-img d-block anwp-pg-height-300 anwp-object-cover m-0 w-100\"\n\t\t\t\talt=\"W\u0142a\u015bciwo\u015bci witamin i minera\u0142\u00f3w: kluczowe elementy zdrowia i funkcjonowania organizmu\"\n\t\t\t\tsrc=\"https:\/\/sportowaakademia.pl\/wp-content\/uploads\/2024\/12\/berries-3504149_1280.jpg\" \/>\n\t\t\n\t\t<div class=\"anwp-pg-post-teaser__muted_bg\"><\/div>\n\t\t<div class=\"anwp-pg-post-teaser__thumbnail-bg anwp-position-cover\"><\/div>\n\n\t\t<div class=\"anwp-pg-post-teaser__content d-flex flex-column anwp-position-cover\">\n\t\t\t<div class=\"anwp-pg-post-teaser__top-meta d-flex mb-2\">\n\t\t\t\t\t\t\t<\/div>\n\n\t\t\t\n\t\t\t<div class=\"anwp-pg-post-teaser__title anwp-font-heading mt-auto mb-1\">\n\t\t\t\tW\u0142a\u015bciwo\u015bci witamin i minera\u0142\u00f3w: kluczowe elementy zdrowia i funkcjonowania organizmu\t\t\t<\/div>\n\n\t\t\t\t\t\t\t<div class=\"mb-2\"><\/div>\n\t\t\t\t\t<\/div>\n\n\t\t<a class=\"anwp-position-cover anwp-link-without-effects\" href=\"https:\/\/sportowaakademia.pl\/index.php\/2024\/12\/04\/hello-world\/\" aria-hidden=\"true\" ><\/a>\n\t<\/div>\n<\/div>\n\t<\/div>\n\t\n\t<\/div>\n\t\t\t\t<\/div>\n\t\t\t\t<\/div>\n\t\t\t\t\t<\/div>\n\t\t\t\t<\/div>\n\t\t\t\t<\/div>\n\t\t","protected":false},"excerpt":{"rendered":"<p>Test Hello world!<\/p>\n","protected":false},"author":2,"featured_media":0,"parent":0,"menu_order":0,"comment_status":"closed","ping_status":"closed","template":"","meta":{"om_disable_all_campaigns":false,"_monsterinsights_skip_tracking":false,"_monsterinsights_sitenote_active":false,"_monsterinsights_sitenote_note":"","_monsterinsights_sitenote_category":0,"footnotes":""},"class_list":["post-17","page","type-page","status-publish","hentry"],"aioseo_notices":[],"jetpack_sharing_enabled":true,"_links":{"self":[{"href":"https:\/\/sportowaakademia.pl\/index.php\/wp-json\/wp\/v2\/pages\/17","targetHints":{"allow":["GET"]}}],"collection":[{"href":"https:\/\/sportowaakademia.pl\/index.php\/wp-json\/wp\/v2\/pages"}],"about":[{"href":"https:\/\/sportowaakademia.pl\/index.php\/wp-json\/wp\/v2\/types\/page"}],"author":[{"embeddable":true,"href":"https:\/\/sportowaakademia.pl\/index.php\/wp-json\/wp\/v2\/users\/2"}],"replies":[{"embeddable":true,"href":"https:\/\/sportowaakademia.pl\/index.php\/wp-json\/wp\/v2\/comments?post=17"}],"version-history":[{"count":13,"href":"https:\/\/sportowaakademia.pl\/index.php\/wp-json\/wp\/v2\/pages\/17\/revisions"}],"predecessor-version":[{"id":142,"href":"https:\/\/sportowaakademia.pl\/index.php\/wp-json\/wp\/v2\/pages\/17\/revisions\/142"}],"wp:attachment":[{"href":"https:\/\/sportowaakademia.pl\/index.php\/wp-json\/wp\/v2\/media?parent=17"}],"curies":[{"name":"wp","href":"https:\/\/api.w.org\/{rel}","templated":true}]}}