{"id":1253,"date":"2025-06-13T08:36:05","date_gmt":"2025-06-13T08:36:05","guid":{"rendered":"https:\/\/sportowaakademia.pl\/?page_id=1253"},"modified":"2025-06-13T08:48:34","modified_gmt":"2025-06-13T08:48:34","slug":"i-akademia","status":"publish","type":"page","link":"https:\/\/sportowaakademia.pl\/index.php\/i-akademia\/","title":{"rendered":"I AKADEMIA"},"content":{"rendered":"\t\t<div data-elementor-type=\"wp-page\" data-elementor-id=\"1253\" class=\"elementor elementor-1253\">\n\t\t\t\t<div class=\"elementor-element elementor-element-de35539 e-flex e-con-boxed e-con e-parent\" data-id=\"de35539\" data-element_type=\"container\">\n\t\t\t\t\t<div class=\"e-con-inner\">\n\t\t\t\t<div class=\"elementor-element elementor-element-85bfffd gallery-spacing-custom elementor-widget elementor-widget-image-gallery\" data-id=\"85bfffd\" data-element_type=\"widget\" data-widget_type=\"image-gallery.default\">\n\t\t\t\t<div class=\"elementor-widget-container\">\n\t\t\t\t\t\t\t<div class=\"elementor-image-gallery\">\n\t\t\t\n\t\t<style type=\"text\/css\">\n\t\t\t#gallery-1 {\n\t\t\t\tmargin: auto;\n\t\t\t}\n\t\t\t#gallery-1 .gallery-item {\n\t\t\t\tfloat: left;\n\t\t\t\tmargin-top: 10px;\n\t\t\t\ttext-align: center;\n\t\t\t\twidth: 33%;\n\t\t\t}\n\t\t\t#gallery-1 img {\n\t\t\t\tborder: 2px solid #cfcfcf;\n\t\t\t}\n\t\t\t#gallery-1 .gallery-caption {\n\t\t\t\tmargin-left: 0;\n\t\t\t}\n\t\t\t\/* see gallery_shortcode() in wp-includes\/media.php *\/\n\t\t<\/style>\n\t\t<div id='gallery-1' class='gallery galleryid-1253 gallery-columns-3 gallery-size-full'><dl class='gallery-item'>\n\t\t\t<dt class='gallery-icon landscape'>\n\t\t\t\t<a data-elementor-open-lightbox=\"yes\" data-elementor-lightbox-slideshow=\"85bfffd\" data-elementor-lightbox-title=\"I AKADEMIA (2)\" data-e-action-hash=\"#elementor-action%3Aaction%3Dlightbox%26settings%3DeyJpZCI6MTI1NiwidXJsIjoiaHR0cHM6XC9cL3Nwb3J0b3dhYWthZGVtaWEucGxcL3dwLWNvbnRlbnRcL3VwbG9hZHNcLzIwMjVcLzA2XC9JLUFLQURFTUlBLTIuanBnIiwic2xpZGVzaG93IjoiODViZmZmZCJ9\" href='https:\/\/sportowaakademia.pl\/wp-content\/uploads\/2025\/06\/I-AKADEMIA-2.jpg'><img fetchpriority=\"high\" decoding=\"async\" width=\"1920\" height=\"1080\" src=\"https:\/\/sportowaakademia.pl\/wp-content\/uploads\/2025\/06\/I-AKADEMIA-2.jpg\" class=\"attachment-full size-full\" alt=\"\" srcset=\"https:\/\/sportowaakademia.pl\/wp-content\/uploads\/2025\/06\/I-AKADEMIA-2.jpg 1920w, https:\/\/sportowaakademia.pl\/wp-content\/uploads\/2025\/06\/I-AKADEMIA-2-300x169.jpg 300w, https:\/\/sportowaakademia.pl\/wp-content\/uploads\/2025\/06\/I-AKADEMIA-2-1024x576.jpg 1024w, https:\/\/sportowaakademia.pl\/wp-content\/uploads\/2025\/06\/I-AKADEMIA-2-768x432.jpg 768w, https:\/\/sportowaakademia.pl\/wp-content\/uploads\/2025\/06\/I-AKADEMIA-2-1536x864.jpg 1536w, https:\/\/sportowaakademia.pl\/wp-content\/uploads\/2025\/06\/I-AKADEMIA-2-600x338.jpg 600w\" sizes=\"(max-width: 1920px) 100vw, 1920px\" \/><\/a>\n\t\t\t<\/dt><\/dl><dl class='gallery-item'>\n\t\t\t<dt class='gallery-icon landscape'>\n\t\t\t\t<a data-elementor-open-lightbox=\"yes\" data-elementor-lightbox-slideshow=\"85bfffd\" data-elementor-lightbox-title=\"I AKADEMIA (1)\" data-e-action-hash=\"#elementor-action%3Aaction%3Dlightbox%26settings%3DeyJpZCI6MTI2MCwidXJsIjoiaHR0cHM6XC9cL3Nwb3J0b3dhYWthZGVtaWEucGxcL3dwLWNvbnRlbnRcL3VwbG9hZHNcLzIwMjVcLzA2XC9JLUFLQURFTUlBLTEuanBnIiwic2xpZGVzaG93IjoiODViZmZmZCJ9\" href='https:\/\/sportowaakademia.pl\/wp-content\/uploads\/2025\/06\/I-AKADEMIA-1.jpg'><img decoding=\"async\" width=\"960\" height=\"540\" src=\"https:\/\/sportowaakademia.pl\/wp-content\/uploads\/2025\/06\/I-AKADEMIA-1.jpg\" class=\"attachment-full size-full\" alt=\"\" srcset=\"https:\/\/sportowaakademia.pl\/wp-content\/uploads\/2025\/06\/I-AKADEMIA-1.jpg 960w, https:\/\/sportowaakademia.pl\/wp-content\/uploads\/2025\/06\/I-AKADEMIA-1-300x169.jpg 300w, https:\/\/sportowaakademia.pl\/wp-content\/uploads\/2025\/06\/I-AKADEMIA-1-768x432.jpg 768w, https:\/\/sportowaakademia.pl\/wp-content\/uploads\/2025\/06\/I-AKADEMIA-1-600x338.jpg 600w\" sizes=\"(max-width: 960px) 100vw, 960px\" \/><\/a>\n\t\t\t<\/dt><\/dl><dl class='gallery-item'>\n\t\t\t<dt class='gallery-icon landscape'>\n\t\t\t\t<a data-elementor-open-lightbox=\"yes\" data-elementor-lightbox-slideshow=\"85bfffd\" data-elementor-lightbox-title=\"I AKADEMIA (4)\" data-e-action-hash=\"#elementor-action%3Aaction%3Dlightbox%26settings%3DeyJpZCI6MTI1OCwidXJsIjoiaHR0cHM6XC9cL3Nwb3J0b3dhYWthZGVtaWEucGxcL3dwLWNvbnRlbnRcL3VwbG9hZHNcLzIwMjVcLzA2XC9JLUFLQURFTUlBLTQuanBnIiwic2xpZGVzaG93IjoiODViZmZmZCJ9\" href='https:\/\/sportowaakademia.pl\/wp-content\/uploads\/2025\/06\/I-AKADEMIA-4.jpg'><img decoding=\"async\" width=\"1920\" height=\"1080\" src=\"https:\/\/sportowaakademia.pl\/wp-content\/uploads\/2025\/06\/I-AKADEMIA-4.jpg\" class=\"attachment-full size-full\" alt=\"\" srcset=\"https:\/\/sportowaakademia.pl\/wp-content\/uploads\/2025\/06\/I-AKADEMIA-4.jpg 1920w, https:\/\/sportowaakademia.pl\/wp-content\/uploads\/2025\/06\/I-AKADEMIA-4-300x169.jpg 300w, https:\/\/sportowaakademia.pl\/wp-content\/uploads\/2025\/06\/I-AKADEMIA-4-1024x576.jpg 1024w, https:\/\/sportowaakademia.pl\/wp-content\/uploads\/2025\/06\/I-AKADEMIA-4-768x432.jpg 768w, https:\/\/sportowaakademia.pl\/wp-content\/uploads\/2025\/06\/I-AKADEMIA-4-1536x864.jpg 1536w, https:\/\/sportowaakademia.pl\/wp-content\/uploads\/2025\/06\/I-AKADEMIA-4-600x338.jpg 600w\" sizes=\"(max-width: 1920px) 100vw, 1920px\" \/><\/a>\n\t\t\t<\/dt><\/dl><br style=\"clear: both\" \/><dl class='gallery-item'>\n\t\t\t<dt class='gallery-icon landscape'>\n\t\t\t\t<a data-elementor-open-lightbox=\"yes\" data-elementor-lightbox-slideshow=\"85bfffd\" data-elementor-lightbox-title=\"I AKADEMIA (3)\" data-e-action-hash=\"#elementor-action%3Aaction%3Dlightbox%26settings%3DeyJpZCI6MTI1NywidXJsIjoiaHR0cHM6XC9cL3Nwb3J0b3dhYWthZGVtaWEucGxcL3dwLWNvbnRlbnRcL3VwbG9hZHNcLzIwMjVcLzA2XC9JLUFLQURFTUlBLTMuanBnIiwic2xpZGVzaG93IjoiODViZmZmZCJ9\" href='https:\/\/sportowaakademia.pl\/wp-content\/uploads\/2025\/06\/I-AKADEMIA-3.jpg'><img loading=\"lazy\" decoding=\"async\" width=\"960\" height=\"540\" src=\"https:\/\/sportowaakademia.pl\/wp-content\/uploads\/2025\/06\/I-AKADEMIA-3.jpg\" class=\"attachment-full size-full\" alt=\"\" srcset=\"https:\/\/sportowaakademia.pl\/wp-content\/uploads\/2025\/06\/I-AKADEMIA-3.jpg 960w, https:\/\/sportowaakademia.pl\/wp-content\/uploads\/2025\/06\/I-AKADEMIA-3-300x169.jpg 300w, https:\/\/sportowaakademia.pl\/wp-content\/uploads\/2025\/06\/I-AKADEMIA-3-768x432.jpg 768w, https:\/\/sportowaakademia.pl\/wp-content\/uploads\/2025\/06\/I-AKADEMIA-3-600x338.jpg 600w\" sizes=\"(max-width: 960px) 100vw, 960px\" \/><\/a>\n\t\t\t<\/dt><\/dl><dl class='gallery-item'>\n\t\t\t<dt class='gallery-icon landscape'>\n\t\t\t\t<a data-elementor-open-lightbox=\"yes\" data-elementor-lightbox-slideshow=\"85bfffd\" data-elementor-lightbox-title=\"I AKADEMIA (5)\" data-e-action-hash=\"#elementor-action%3Aaction%3Dlightbox%26settings%3DeyJpZCI6MTI1OSwidXJsIjoiaHR0cHM6XC9cL3Nwb3J0b3dhYWthZGVtaWEucGxcL3dwLWNvbnRlbnRcL3VwbG9hZHNcLzIwMjVcLzA2XC9JLUFLQURFTUlBLTUuanBnIiwic2xpZGVzaG93IjoiODViZmZmZCJ9\" href='https:\/\/sportowaakademia.pl\/wp-content\/uploads\/2025\/06\/I-AKADEMIA-5.jpg'><img loading=\"lazy\" decoding=\"async\" width=\"1920\" height=\"1080\" src=\"https:\/\/sportowaakademia.pl\/wp-content\/uploads\/2025\/06\/I-AKADEMIA-5.jpg\" class=\"attachment-full size-full\" alt=\"\" srcset=\"https:\/\/sportowaakademia.pl\/wp-content\/uploads\/2025\/06\/I-AKADEMIA-5.jpg 1920w, https:\/\/sportowaakademia.pl\/wp-content\/uploads\/2025\/06\/I-AKADEMIA-5-300x169.jpg 300w, https:\/\/sportowaakademia.pl\/wp-content\/uploads\/2025\/06\/I-AKADEMIA-5-1024x576.jpg 1024w, https:\/\/sportowaakademia.pl\/wp-content\/uploads\/2025\/06\/I-AKADEMIA-5-768x432.jpg 768w, https:\/\/sportowaakademia.pl\/wp-content\/uploads\/2025\/06\/I-AKADEMIA-5-1536x864.jpg 1536w, https:\/\/sportowaakademia.pl\/wp-content\/uploads\/2025\/06\/I-AKADEMIA-5-600x338.jpg 600w\" sizes=\"(max-width: 1920px) 100vw, 1920px\" \/><\/a>\n\t\t\t<\/dt><\/dl>\n\t\t\t<br style='clear: both' \/>\n\t\t<\/div>\n\t\t<\/div>\n\t\t\t\t\t\t<\/div>\n\t\t\t\t<\/div>\n\t\t\t\t\t<\/div>\n\t\t\t\t<\/div>\n\t\t<div class=\"elementor-element elementor-element-9640c6f e-flex e-con-boxed e-con e-parent\" data-id=\"9640c6f\" data-element_type=\"container\">\n\t\t\t\t\t<div class=\"e-con-inner\">\n\t\t\t\t<div class=\"elementor-element elementor-element-4c65dd0 elementor-widget elementor-widget-text-editor\" data-id=\"4c65dd0\" data-element_type=\"widget\" data-widget_type=\"text-editor.default\">\n\t\t\t\t<div class=\"elementor-widget-container\">\n\t\t\t\t\t\t\t\t\t<div id=\"layout-content\" class=\"selected\"><div class=\"content frame-content\" role=\"main\"><div id=\"message-content\"><div class=\"rightcol\" role=\"region\" aria-labelledby=\"aria-label-messagebody\"><div id=\"messagebody\"><div id=\"message-htmlpart1\" class=\"message-htmlpart\"><div id=\"message-htmlpart1\" class=\"rcmBody\"><div dir=\"ltr\"><div><blockquote><div id=\"v1m_2284646380677913137m_-6809094689683634761replybody1\"><blockquote><div><p>Prelekcje poprowadzili\u00a0<\/p><ul><li><p>Tomasz Durajczyk \u2013 Mistrz Europy w Tenisie Sto\u0142owym. Trener\/Mened\u017cer Akademickiej Kadry Narodowej w Tenisie Sto\u0142owym, wiceprezes Dolno\u015bl\u0105skiego Okr\u0119gowego Zwi\u0105zku Tenisa Sto\u0142owego we Wroc\u0142awiu. temat &#8211;\u00a0\u00a0&#8222;ABC organizacji imprez sportowych, czyli jak si\u0119 za to zabra\u0107?&#8221;<\/p><\/li><\/ul><\/div><\/blockquote><\/div><\/blockquote><blockquote><div id=\"v1m_2284646380677913137m_-6809094689683634761replybody1\"><blockquote><div><ul><li><p>Damian Sipiorski &#8211; technik masa\u017cysta, naturopata, hirudoterapeuta (terapia pijawk\u0105 lekarsk\u0105), ortopodolog, terapeuta ruchowy, uczestnik Mistrzostw Europy w masa\u017cu Rumunia Sibiu 2023 rok (kategoria masa\u017c sportowy). &#8211;\u00a0&#8211; temat &#8211;\u00a0\u00a0&#8222;Funkcja stopy w sporcie i prewencja kontuzji&#8221;<\/p><\/li><\/ul><\/div><\/blockquote><\/div><\/blockquote><blockquote><div id=\"v1m_2284646380677913137m_-6809094689683634761replybody1\"><blockquote><div><ul><li><p>Kamila Chudzik \u2013 br\u0105zowa medalistka Mistrzostw \u015awiata w Berlinie, uczestniczka Igrzysk Olimpijskich w Pekinie (15 miejsce), wielokrotna medalistka Mistrzostw Polski w r\u00f3\u017cnych konkurencjach. Trener personalny. &#8211; temat &#8211;\u00a0&#8222;Technika biegu, najcz\u0119stsze b\u0142\u0119dy i urazy. Przyk\u0142adowe \u0107wiczenia wspomagaj\u0105ce biegaczy&#8221;<\/p><\/li><\/ul><\/div><\/blockquote><\/div><\/blockquote><blockquote><div id=\"v1m_2284646380677913137m_-6809094689683634761replybody1\"><blockquote><div><ul><li><p>Jaros\u0142aw Piotrowski &#8211; dietetyk kliniczny zajmuj\u0105cy si\u0119 \u017cywieniem w chorobach, dietami odchudzaj\u0105cymi oraz \u017cywieniem sportowc\u00f3w, m.in koszykarzy G\u00f3rnik Zamek Ksi\u0105\u017c Wa\u0142brzych. &#8211; temat &#8211;\u00a0\u00a0&#8222;Jedzenie dla Sportowca jest tym, czym paliwo dla Formu\u0142y 1. Jak si\u0119 odpowiednio od\u017cywia\u0107?&#8221;.<\/p><\/li><\/ul><\/div><\/blockquote><\/div><\/blockquote><blockquote><div id=\"v1m_2284646380677913137m_-6809094689683634761replybody1\"><blockquote><div><ul><li><p>Justyna Oleksy-Kaczorowska &#8211; by\u0142a wyczynowa lekkoatletka, wielokrotna medalistka Mistrzostw Polski w biegu na 60 i 100 metr\u00f3w przez p\u0142otki, 5-ta zawodniczka Mistrzostw Europy do lat 23, 4-ta zawodniczka Letniej Uniwersjady. Psycholog, psycholog sportu oraz trener lekkoatletyki. &#8211; temat &#8211;\u00a0\u00a0&#8222;Mentalna si\u0142a nawyku. Zaprogramuj si\u0119 na zmiany&#8221;.<\/p><\/li><\/ul><\/div><\/blockquote><\/div><\/blockquote><blockquote><div id=\"v1m_2284646380677913137m_-6809094689683634761replybody1\"><blockquote><div><ul><li><p>Dagmara P\u0142oszajska \u2013 marketingowiec, buduje marki na rynku polskim od ponad 25 lat, pracowa\u0142a m.in dla BMW, MINI, ALLIANZ TFI, Max Mara, Red Valentino, wspiera dzieci, m\u0142odzie\u017c i doros\u0142ych, wyk\u0142adowca i szkoleniowiec wizerunku, rozwoju marki, w Radzie Kotler Awards Poland, wsp\u00f3\u0142pracownik Kotler Impact, mi\u0142o\u015bniczka p\u0142ywania oraz long and short voyage. temat &#8211;\u00a0\u00a0\u201eBudowanie sportowej marki osobistej, marki klubu sportowego, marki miejsca sportowego&#8221;<\/p><\/li><\/ul><\/div><\/blockquote><\/div><\/blockquote><blockquote><div id=\"v1m_2284646380677913137m_-6809094689683634761replybody1\"><blockquote><div><ul><li><p>Anna B\u0142a\u017cys &#8211; mama, \u017cona, pedagog, na co dzie\u0144 ca\u0142e swoje serce po\u015bwi\u0119ca dzia\u0142aniom spo\u0142ecznym, koordynuje wiele projekt\u00f3w, kt\u00f3re wp\u0142ywaj\u0105 na \u017cycie mieszka\u0144c\u00f3w Dolnego \u015al\u0105ska. Od niedawna Wiceprezes Wa\u0142brzyskiego Klubu Tenisowego ATRI, w kt\u00f3rym zajmuje si\u0119 popularyzacj\u0105 aktywno\u015bci fizycznej w\u015br\u00f3d dzieci i m\u0142odzie\u017cy. &#8211; temat &#8211;\u00a0\u201eAktywno\u015b\u0107 fizyczna i jej wp\u0142yw na rozw\u00f3j psycho-spo\u0142eczny, emocjonalny i poznawczy&#8221;<\/p><\/li><\/ul><\/div><\/blockquote><\/div><\/blockquote><\/div><\/div><\/div><\/div><\/div><\/div><\/div><\/div><\/div>\t\t\t\t\t\t\t\t<\/div>\n\t\t\t\t<\/div>\n\t\t\t\t\t<\/div>\n\t\t\t\t<\/div>\n\t\t\t\t<\/div>\n\t\t","protected":false},"excerpt":{"rendered":"<p>Prelekcje poprowadzili\u00a0 Tomasz Durajczyk \u2013 Mistrz Europy w Tenisie Sto\u0142owym. Trener\/Mened\u017cer Akademickiej Kadry Narodowej w Tenisie Sto\u0142owym, wiceprezes Dolno\u015bl\u0105skiego Okr\u0119gowego Zwi\u0105zku Tenisa Sto\u0142owego we Wroc\u0142awiu. temat &#8211;\u00a0\u00a0&#8222;ABC organizacji imprez sportowych, czyli jak si\u0119 za to zabra\u0107?&#8221; Damian Sipiorski &#8211; technik masa\u017cysta, naturopata, hirudoterapeuta (terapia pijawk\u0105 lekarsk\u0105), ortopodolog, terapeuta ruchowy, uczestnik Mistrzostw Europy w masa\u017cu Rumunia<span class=\"post-excerpt-end\">&hellip;<\/span><\/p>\n<p class=\"more-link\"><a href=\"https:\/\/sportowaakademia.pl\/index.php\/i-akademia\/\" class=\"themebutton\">Read More<\/a><\/p>\n","protected":false},"author":2,"featured_media":0,"parent":0,"menu_order":0,"comment_status":"closed","ping_status":"closed","template":"","meta":{"om_disable_all_campaigns":false,"_monsterinsights_skip_tracking":false,"_monsterinsights_sitenote_active":false,"_monsterinsights_sitenote_note":"","_monsterinsights_sitenote_category":0,"footnotes":""},"class_list":["post-1253","page","type-page","status-publish","hentry"],"aioseo_notices":[],"jetpack_sharing_enabled":true,"_links":{"self":[{"href":"https:\/\/sportowaakademia.pl\/index.php\/wp-json\/wp\/v2\/pages\/1253","targetHints":{"allow":["GET"]}}],"collection":[{"href":"https:\/\/sportowaakademia.pl\/index.php\/wp-json\/wp\/v2\/pages"}],"about":[{"href":"https:\/\/sportowaakademia.pl\/index.php\/wp-json\/wp\/v2\/types\/page"}],"author":[{"embeddable":true,"href":"https:\/\/sportowaakademia.pl\/index.php\/wp-json\/wp\/v2\/users\/2"}],"replies":[{"embeddable":true,"href":"https:\/\/sportowaakademia.pl\/index.php\/wp-json\/wp\/v2\/comments?post=1253"}],"version-history":[{"count":4,"href":"https:\/\/sportowaakademia.pl\/index.php\/wp-json\/wp\/v2\/pages\/1253\/revisions"}],"predecessor-version":[{"id":1263,"href":"https:\/\/sportowaakademia.pl\/index.php\/wp-json\/wp\/v2\/pages\/1253\/revisions\/1263"}],"wp:attachment":[{"href":"https:\/\/sportowaakademia.pl\/index.php\/wp-json\/wp\/v2\/media?parent=1253"}],"curies":[{"name":"wp","href":"https:\/\/api.w.org\/{rel}","templated":true}]}}